{"id":3,"date":"2024-01-27T13:07:09","date_gmt":"2024-01-27T13:07:09","guid":{"rendered":"http:\/\/leinenatelier.at\/?page_id=3"},"modified":"2024-02-04T09:52:10","modified_gmt":"2024-02-04T09:52:10","slug":"privacy-policy","status":"publish","type":"page","link":"https:\/\/leinenatelier.at\/?page_id=3","title":{"rendered":"Privacy Policy"},"content":{"rendered":"\n<p><strong>Datenschutzerkl\u00e4rung<\/strong><br>Der Schutz Ihrer pers\u00f6nlichen Daten ist uns ein besonderes Anliegen. Wir verarbeiten Ihre Daten ausschlie\u00dflich auf Grundlage der gesetzlichen Bestimmungen (\u00a7 96 TKG und\/oder EU-DSGVO) und bem\u00fchen uns auch dar\u00fcber hinaus um zus\u00e4tzliche Sicherheit. In nachfolgender Datenschutzerkl\u00e4rung informieren wir Sie \u00fcber die wichtigsten Aspekte der Datenverarbeitung im Rahmen unserer Website.<\/p>\n\n\n\n<p><strong>Ihre Rechte<\/strong><br>Ihnen stehen grunds\u00e4tzlich die Rechte auf Auskunft, Berichtigung, L\u00f6schung, Einschr\u00e4nkung, Daten\u00fcbertragbarkeit, Widerruf und Widerspruch zu. Wenn Sie glauben, dass die Verarbeitung Ihrer Daten gegen das Datenschutzrecht verst\u00f6\u00dft oder Ihre datenschutzrechtlichen Anspr\u00fcche sonst in einer Weise verletzt worden sind, k\u00f6nnen Sie sich bei der Aufsichtsbeh\u00f6rde beschweren. In \u00d6sterreich ist dies die Datenschutzbeh\u00f6rde.<\/p>\n\n\n\n<p><strong>Datensicherheit<\/strong><br>Wir treffen alle notwendigen technischen und organisatorischen Ma\u00dfnahmen, um Ihre personenbezogenen Daten vor Verlust und Missbrauch zu sch\u00fctzen. Ihre Daten werden in einer sicheren, dem Stand der Technik entsprechenden Betriebsumgebung gespeichert.<\/p>\n\n\n\n<p><strong>Datenschutzrechtlich Verantwortlicher<\/strong><br>Kristina Fellinger <\/p>\n\n\n\n<p>F\u00fcr alle datenschutzrechtlichen Anliegen wenden Sie sich bitte an<br><a href=\"mailto:hello@leinenatelier.at\">hello@leinenatelier.at<\/a><\/p>\n","protected":false},"excerpt":{"rendered":"<p>Datenschutzerkl\u00e4rungDer Schutz Ihrer pers\u00f6nlichen Daten ist uns ein besonderes Anliegen. Wir verarbeiten Ihre Daten ausschlie\u00dflich auf Grundlage der gesetzlichen Bestimmungen (\u00a7 96 TKG und\/oder EU-DSGVO) und bem\u00fchen uns auch dar\u00fcber hinaus um zus\u00e4tzliche Sicherheit. In nachfolgender Datenschutzerkl\u00e4rung informieren wir Sie \u00fcber die wichtigsten Aspekte der Datenverarbeitung im Rahmen unserer Website. Ihre RechteIhnen stehen grunds\u00e4tzlich die &hellip; <\/p>\n<p class=\"link-more\"><a href=\"https:\/\/leinenatelier.at\/?page_id=3\" class=\"more-link\"><span class=\"screen-reader-text\">\u201ePrivacy Policy\u201c<\/span> weiterlesen<\/a><\/p>\n","protected":false},"author":1,"featured_media":0,"parent":0,"menu_order":0,"comment_status":"closed","ping_status":"closed","template":"","meta":{"footnotes":""},"class_list":["post-3","page","type-page","status-publish","hentry"],"_links":{"self":[{"href":"https:\/\/leinenatelier.at\/index.php?rest_route=\/wp\/v2\/pages\/3","targetHints":{"allow":["GET"]}}],"collection":[{"href":"https:\/\/leinenatelier.at\/index.php?rest_route=\/wp\/v2\/pages"}],"about":[{"href":"https:\/\/leinenatelier.at\/index.php?rest_route=\/wp\/v2\/types\/page"}],"author":[{"embeddable":true,"href":"https:\/\/leinenatelier.at\/index.php?rest_route=\/wp\/v2\/users\/1"}],"replies":[{"embeddable":true,"href":"https:\/\/leinenatelier.at\/index.php?rest_route=%2Fwp%2Fv2%2Fcomments&post=3"}],"version-history":[{"count":2,"href":"https:\/\/leinenatelier.at\/index.php?rest_route=\/wp\/v2\/pages\/3\/revisions"}],"predecessor-version":[{"id":109,"href":"https:\/\/leinenatelier.at\/index.php?rest_route=\/wp\/v2\/pages\/3\/revisions\/109"}],"wp:attachment":[{"href":"https:\/\/leinenatelier.at\/index.php?rest_route=%2Fwp%2Fv2%2Fmedia&parent=3"}],"curies":[{"name":"wp","href":"https:\/\/api.w.org\/{rel}","templated":true}]}}